{"id":3468,"date":"2025-03-05T13:09:36","date_gmt":"2025-03-05T12:09:36","guid":{"rendered":"https:\/\/capa8.net\/?page_id=3468"},"modified":"2025-03-07T23:10:51","modified_gmt":"2025-03-07T22:10:51","slug":"seguridad-publica","status":"publish","type":"page","link":"https:\/\/capa8.net\/es\/ekiosk\/seguridad-publica\/","title":{"rendered":"Seguridad publica"},"content":{"rendered":"\t\t<div data-elementor-type=\"wp-page\" data-elementor-id=\"3468\" class=\"elementor elementor-3468\" data-elementor-post-type=\"page\">\n\t\t\t\t<div class=\"elementor-element elementor-element-1f81531 e-flex e-con-boxed e-con e-parent\" data-id=\"1f81531\" data-element_type=\"container\" data-e-type=\"container\" data-settings=\"{&quot;background_background&quot;:&quot;classic&quot;}\">\n\t\t\t\t\t<div class=\"e-con-inner\">\n\t\t\t\t<div class=\"elementor-element elementor-element-bf293fb elementor-align-center elementor-widget elementor-widget-button\" data-id=\"bf293fb\" data-element_type=\"widget\" data-e-type=\"widget\" data-widget_type=\"button.default\">\n\t\t\t\t<div class=\"elementor-widget-container\">\n\t\t\t\t\t\t\t\t\t<div class=\"elementor-button-wrapper\">\n\t\t\t\t\t<a class=\"elementor-button elementor-button-link elementor-size-sm\" href=\"https:\/\/capa8.net\/ekiosk#graella\">\n\t\t\t\t\t\t<span class=\"elementor-button-content-wrapper\">\n\t\t\t\t\t\t\t\t\t<span class=\"elementor-button-text\">Volver a la parrilla<\/span>\n\t\t\t\t\t<\/span>\n\t\t\t\t\t<\/a>\n\t\t\t\t<\/div>\n\t\t\t\t\t\t\t\t<\/div>\n\t\t\t\t<\/div>\n\t\t\t\t\t<\/div>\n\t\t\t\t<\/div>\n\t\t<div class=\"elementor-element elementor-element-5d228053 e-con-full e-flex e-con e-parent\" data-id=\"5d228053\" data-element_type=\"container\" data-e-type=\"container\" data-settings=\"{&quot;background_background&quot;:&quot;classic&quot;}\">\n\t\t<div class=\"elementor-element elementor-element-30f4d8fc e-con-full e-flex e-con e-child\" data-id=\"30f4d8fc\" data-element_type=\"container\" data-e-type=\"container\">\n\t\t\t\t<div class=\"elementor-element elementor-element-7fb05fcd elementor-widget elementor-widget-image\" data-id=\"7fb05fcd\" data-element_type=\"widget\" data-e-type=\"widget\" data-widget_type=\"image.default\">\n\t\t\t\t<div class=\"elementor-widget-container\">\n\t\t\t\t\t\t\t\t\t\t\t\t\t\t\t<img fetchpriority=\"high\" decoding=\"async\" width=\"300\" height=\"300\" src=\"https:\/\/capa8.net\/wp-content\/uploads\/2025\/03\/seguridad-publica-300x300.png\" class=\"attachment-medium size-medium wp-image-3631\" alt=\"\" srcset=\"https:\/\/capa8.net\/wp-content\/uploads\/2025\/03\/seguridad-publica-300x300.png 300w, https:\/\/capa8.net\/wp-content\/uploads\/2025\/03\/seguridad-publica-150x150.png 150w, https:\/\/capa8.net\/wp-content\/uploads\/2025\/03\/seguridad-publica.png 640w\" sizes=\"(max-width: 300px) 100vw, 300px\" \/>\t\t\t\t\t\t\t\t\t\t\t\t\t\t\t<\/div>\n\t\t\t\t<\/div>\n\t\t\t\t<\/div>\n\t\t<div class=\"elementor-element elementor-element-20645045 e-con-full e-flex e-con e-child\" data-id=\"20645045\" data-element_type=\"container\" data-e-type=\"container\">\n\t\t\t\t<div class=\"elementor-element elementor-element-13b3bc4a elementor-widget elementor-widget-text-editor\" data-id=\"13b3bc4a\" data-element_type=\"widget\" data-e-type=\"widget\" data-widget_type=\"text-editor.default\">\n\t\t\t\t<div class=\"elementor-widget-container\">\n\t\t\t\t\t\t\t\t\t<p><\/p><p data-start=\"0\" data-end=\"235\">Esta categor\u00eda ha sido dise\u00f1ada especialmente para las administraciones p\u00fablicas. <strong data-start=\"82\" data-end=\"103\">Seguridad P\u00fablica<\/strong> ofrece herramientas de IA creadas para optimizar la interacci\u00f3n entre la administraci\u00f3n y la ciudadan\u00eda, adem\u00e1s de facilitar el trabajo de polic\u00edas y agentes de la ley. Estas soluciones proporcionan acceso inmediato a informaci\u00f3n clave, permitiendo a los profesionales desempe\u00f1ar sus funciones diarias con mayor eficiencia y precisi\u00f3n.<\/p><p data-start=\"452\" data-end=\"581\">E-Kiosk ofrece los servicios de:<\/p><ul><li><strong>Dingo<\/strong><\/li><li>IAs Din<\/li><\/ul><p>No esperes m\u00e1s\u00a0 y contacta con nosotros,\u00a0solicita una prueba gratuita de nuestro <strong>e-Kiosk<\/strong><\/p>\t\t\t\t\t\t\t\t<\/div>\n\t\t\t\t<\/div>\n\t\t\t\t<\/div>\n\t\t<a class=\"elementor-element elementor-element-38959382 e-con-full e-flex e-con e-child\" data-id=\"38959382\" data-element_type=\"container\" data-e-type=\"container\" data-settings=\"{&quot;background_background&quot;:&quot;classic&quot;}\" href=\"https:\/\/capa8.net\/contact-us\/\">\n\t\t\t\t<div class=\"elementor-element elementor-element-1de914ce elementor-widget__width-inherit elementor-widget elementor-widget-heading\" data-id=\"1de914ce\" data-element_type=\"widget\" data-e-type=\"widget\" data-widget_type=\"heading.default\">\n\t\t\t\t<div class=\"elementor-widget-container\">\n\t\t\t\t\t<h3 class=\"elementor-heading-title elementor-size-default\">Prueba<br> gratuita<\/h3>\t\t\t\t<\/div>\n\t\t\t\t<\/div>\n\t\t\t\t<\/a>\n\t\t\t\t<\/div>\n\t\t\t\t<\/div>\n\t\t","protected":false},"excerpt":{"rendered":"<p>Esta categor\u00eda ha sido dise\u00f1ada especialmente para las administraciones p\u00fablicas. Seguridad P\u00fablica ofrece herramientas de IA creadas para optimizar la interacci\u00f3n entre la administraci\u00f3n y la ciudadan\u00eda, adem\u00e1s de facilitar el trabajo de polic\u00edas y agentes de la ley. Estas soluciones proporcionan acceso inmediato a informaci\u00f3n clave, permitiendo a los profesionales desempe\u00f1ar sus funciones diarias con mayor eficiencia y precisi\u00f3n.<\/p>\n<p>No esperes m\u00e1s\u00a0 y contacta con nosotros,\u00a0solicita una prueba gratuita de nuestro e-Kiosk<\/p>\n","protected":false},"author":1,"featured_media":0,"parent":2988,"menu_order":0,"comment_status":"closed","ping_status":"closed","template":"elementor_header_footer","meta":{"footnotes":""},"class_list":["post-3468","page","type-page","status-publish","hentry"],"jetpack_sharing_enabled":true,"_links":{"self":[{"href":"https:\/\/capa8.net\/es\/wp-json\/wp\/v2\/pages\/3468","targetHints":{"allow":["GET"]}}],"collection":[{"href":"https:\/\/capa8.net\/es\/wp-json\/wp\/v2\/pages"}],"about":[{"href":"https:\/\/capa8.net\/es\/wp-json\/wp\/v2\/types\/page"}],"author":[{"embeddable":true,"href":"https:\/\/capa8.net\/es\/wp-json\/wp\/v2\/users\/1"}],"replies":[{"embeddable":true,"href":"https:\/\/capa8.net\/es\/wp-json\/wp\/v2\/comments?post=3468"}],"version-history":[{"count":37,"href":"https:\/\/capa8.net\/es\/wp-json\/wp\/v2\/pages\/3468\/revisions"}],"predecessor-version":[{"id":3634,"href":"https:\/\/capa8.net\/es\/wp-json\/wp\/v2\/pages\/3468\/revisions\/3634"}],"up":[{"embeddable":true,"href":"https:\/\/capa8.net\/es\/wp-json\/wp\/v2\/pages\/2988"}],"wp:attachment":[{"href":"https:\/\/capa8.net\/es\/wp-json\/wp\/v2\/media?parent=3468"}],"curies":[{"name":"wp","href":"https:\/\/api.w.org\/{rel}","templated":true}]}}