{"id":3542,"date":"2025-03-05T16:43:41","date_gmt":"2025-03-05T15:43:41","guid":{"rendered":"https:\/\/capa8.net\/?page_id=3542"},"modified":"2025-03-07T23:03:57","modified_gmt":"2025-03-07T22:03:57","slug":"aaai-administrativo","status":"publish","type":"page","link":"https:\/\/capa8.net\/es\/ekiosk\/aaai-administrativo\/","title":{"rendered":"Administrativo"},"content":{"rendered":"\t\t<div data-elementor-type=\"wp-page\" data-elementor-id=\"3542\" class=\"elementor elementor-3542\" data-elementor-post-type=\"page\">\n\t\t\t\t<div class=\"elementor-element elementor-element-a8c2833 e-flex e-con-boxed e-con e-parent\" data-id=\"a8c2833\" data-element_type=\"container\" data-e-type=\"container\" data-settings=\"{&quot;background_background&quot;:&quot;classic&quot;}\">\n\t\t\t\t\t<div class=\"e-con-inner\">\n\t\t\t\t<div class=\"elementor-element elementor-element-1e0d20c1 elementor-align-center elementor-widget elementor-widget-button\" data-id=\"1e0d20c1\" data-element_type=\"widget\" data-e-type=\"widget\" data-widget_type=\"button.default\">\n\t\t\t\t<div class=\"elementor-widget-container\">\n\t\t\t\t\t\t\t\t\t<div class=\"elementor-button-wrapper\">\n\t\t\t\t\t<a class=\"elementor-button elementor-button-link elementor-size-sm\" href=\"https:\/\/capa8.net\/ekiosk#graella\">\n\t\t\t\t\t\t<span class=\"elementor-button-content-wrapper\">\n\t\t\t\t\t\t\t\t\t<span class=\"elementor-button-text\">Tornar a la graella<\/span>\n\t\t\t\t\t<\/span>\n\t\t\t\t\t<\/a>\n\t\t\t\t<\/div>\n\t\t\t\t\t\t\t\t<\/div>\n\t\t\t\t<\/div>\n\t\t\t\t\t<\/div>\n\t\t\t\t<\/div>\n\t\t<div class=\"elementor-element elementor-element-6461b03 e-con-full e-flex e-con e-parent\" data-id=\"6461b03\" data-element_type=\"container\" data-e-type=\"container\" data-settings=\"{&quot;background_background&quot;:&quot;classic&quot;}\">\n\t\t<div class=\"elementor-element elementor-element-25987dee e-con-full e-flex e-con e-child\" data-id=\"25987dee\" data-element_type=\"container\" data-e-type=\"container\">\n\t\t\t\t<div class=\"elementor-element elementor-element-1a0eb2ae elementor-widget elementor-widget-image\" data-id=\"1a0eb2ae\" data-element_type=\"widget\" data-e-type=\"widget\" data-widget_type=\"image.default\">\n\t\t\t\t<div class=\"elementor-widget-container\">\n\t\t\t\t\t\t\t\t\t\t\t\t\t\t\t<img fetchpriority=\"high\" decoding=\"async\" width=\"300\" height=\"300\" src=\"https:\/\/capa8.net\/wp-content\/uploads\/2025\/02\/administrativo-300x300.png\" class=\"attachment-medium size-medium wp-image-3186\" alt=\"\" srcset=\"https:\/\/capa8.net\/wp-content\/uploads\/2025\/02\/administrativo-300x300.png 300w, https:\/\/capa8.net\/wp-content\/uploads\/2025\/02\/administrativo-150x150.png 150w, https:\/\/capa8.net\/wp-content\/uploads\/2025\/02\/administrativo.png 640w\" sizes=\"(max-width: 300px) 100vw, 300px\" \/>\t\t\t\t\t\t\t\t\t\t\t\t\t\t\t<\/div>\n\t\t\t\t<\/div>\n\t\t\t\t<\/div>\n\t\t<div class=\"elementor-element elementor-element-6f0b0cf7 e-con-full e-flex e-con e-child\" data-id=\"6f0b0cf7\" data-element_type=\"container\" data-e-type=\"container\">\n\t\t\t\t<div class=\"elementor-element elementor-element-585c1563 elementor-widget elementor-widget-text-editor\" data-id=\"585c1563\" data-element_type=\"widget\" data-e-type=\"widget\" data-widget_type=\"text-editor.default\">\n\t\t\t\t<div class=\"elementor-widget-container\">\n\t\t\t\t\t\t\t\t\t<p><\/p>\n<p data-start=\"0\" data-end=\"146\">Amb l&#8217;\u00fas d&#8217;assistents per a tasques administratives, la teva empresa guanyar\u00e0 dinamisme i podr\u00e0 reassignar recursos i temps a altres \u00e0rees clau.<\/p>\n<p data-start=\"148\" data-end=\"178\">Aqu\u00ed \u00e9s on entrem nosaltres.<\/p>\n<p data-start=\"180\" data-end=\"315\">Per qu\u00e8 no integrar aquests assistents a la teva empresa? Nosaltres els formem perqu\u00e8 s&#8217;adaptin a les teves necessitats espec\u00edfiques.<\/p>\n<p data-start=\"317\" data-end=\"436\" data-is-last-node=\"\" data-is-only-node=\"\">A <strong>e-Kiosk<\/strong>, oferim solucions d&#8217;administraci\u00f3 dissenyades per optimitzar la teva feina i augmentar la teva productivitat.<\/p>\n<p>Entre elles:<\/p>\n<ul>\n<li data-start=\"0\" data-end=\"31\">Assistent personal per veu.<\/li>\n<li data-start=\"32\" data-end=\"70\">Assistent per a concursos p\u00fablics.<\/li>\n<li data-start=\"71\" data-end=\"113\">Assistent de gravaci\u00f3 de confer\u00e8ncies.<\/li>\n<li data-start=\"114\" data-end=\"139\">Contestador de RR.SS.<\/li>\n<li data-start=\"140\" data-end=\"179\">Analista de mitjans de comunicaci\u00f3.<\/li>\n<li data-start=\"180\" data-end=\"204\">Analista documental.<\/li>\n<li data-start=\"205\" data-end=\"229\" data-is-last-node=\"\">Assistent de formaci\u00f3.<\/li>\n<\/ul>\n<p>No esperis m\u00e9s i contacta amb nosaltres, sol\u00b7licita una prova gratu\u00efta del nostre<strong> e-Kiosk<\/strong>.<\/p>\n<p><\/p>\t\t\t\t\t\t\t\t<\/div>\n\t\t\t\t<\/div>\n\t\t\t\t<\/div>\n\t\t<a class=\"elementor-element elementor-element-1f06e62f e-con-full e-flex e-con e-child\" data-id=\"1f06e62f\" data-element_type=\"container\" data-e-type=\"container\" data-settings=\"{&quot;background_background&quot;:&quot;classic&quot;}\" href=\"https:\/\/capa8.net\/contact-us\/\">\n\t\t\t\t<div class=\"elementor-element elementor-element-79c9d787 elementor-widget__width-inherit elementor-widget elementor-widget-heading\" data-id=\"79c9d787\" data-element_type=\"widget\" data-e-type=\"widget\" data-widget_type=\"heading.default\">\n\t\t\t\t<div class=\"elementor-widget-container\">\n\t\t\t\t\t<h3 class=\"elementor-heading-title elementor-size-default\">Prova<br> gratu\u00efta <\/h3>\t\t\t\t<\/div>\n\t\t\t\t<\/div>\n\t\t\t\t<\/a>\n\t\t\t\t<\/div>\n\t\t\t\t<\/div>\n\t\t","protected":false},"excerpt":{"rendered":"<p>Con el uso de asistentes para tareas administrativas, tu empresa ganar\u00e1 dinamismo y podr\u00e1 reasignar recursos y tiempo a otras \u00e1reas clave.<\/p>\n<p>\u00bfPor qu\u00e9 no integrar estos asistentes en tu empresa? Nosotros los entrenamos para adaptarse a tus necesidades espec\u00edficas.<\/p>\n<p>En e-Kiosk, ofrecemos soluciones de administraci\u00f3n dise\u00f1adas para optimizar tu trabajo y aumentar tu productividad.<\/p>\n<p>No esperes m\u00e1s\u00a0 y contacta con nosotros,\u00a0solicita una prueba gratuita de nuestro e-Kiosk<\/p>\n","protected":false},"author":1,"featured_media":3186,"parent":2988,"menu_order":0,"comment_status":"closed","ping_status":"closed","template":"elementor_header_footer","meta":{"footnotes":""},"class_list":["post-3542","page","type-page","status-publish","has-post-thumbnail","hentry"],"jetpack_sharing_enabled":true,"_links":{"self":[{"href":"https:\/\/capa8.net\/es\/wp-json\/wp\/v2\/pages\/3542","targetHints":{"allow":["GET"]}}],"collection":[{"href":"https:\/\/capa8.net\/es\/wp-json\/wp\/v2\/pages"}],"about":[{"href":"https:\/\/capa8.net\/es\/wp-json\/wp\/v2\/types\/page"}],"author":[{"embeddable":true,"href":"https:\/\/capa8.net\/es\/wp-json\/wp\/v2\/users\/1"}],"replies":[{"embeddable":true,"href":"https:\/\/capa8.net\/es\/wp-json\/wp\/v2\/comments?post=3542"}],"version-history":[{"count":10,"href":"https:\/\/capa8.net\/es\/wp-json\/wp\/v2\/pages\/3542\/revisions"}],"predecessor-version":[{"id":3619,"href":"https:\/\/capa8.net\/es\/wp-json\/wp\/v2\/pages\/3542\/revisions\/3619"}],"up":[{"embeddable":true,"href":"https:\/\/capa8.net\/es\/wp-json\/wp\/v2\/pages\/2988"}],"wp:featuredmedia":[{"embeddable":true,"href":"https:\/\/capa8.net\/es\/wp-json\/wp\/v2\/media\/3186"}],"wp:attachment":[{"href":"https:\/\/capa8.net\/es\/wp-json\/wp\/v2\/media?parent=3542"}],"curies":[{"name":"wp","href":"https:\/\/api.w.org\/{rel}","templated":true}]}}